{"id":213,"date":"2026-03-28T19:47:33","date_gmt":"2026-03-28T19:47:33","guid":{"rendered":"https:\/\/thibaut-abadie-garcia.com\/?page_id=213"},"modified":"2026-04-11T11:50:19","modified_gmt":"2026-04-11T11:50:19","slug":"mentions-legales","status":"publish","type":"page","link":"https:\/\/thibaut-abadie-garcia.com\/en\/mentions-legales\/","title":{"rendered":"Mentions l\u00e9gales"},"content":{"rendered":"<div data-elementor-type=\"wp-page\" data-elementor-id=\"213\" class=\"elementor elementor-213\">\n\t\t\t\t<div class=\"elementor-element elementor-element-c0234c8 e-flex e-con-boxed e-con e-parent\" data-id=\"c0234c8\" data-element_type=\"container\" data-e-type=\"container\">\n\t\t\t\t\t<div class=\"e-con-inner\">\n\t\t\t\t<div class=\"elementor-element elementor-element-bbfa75c elementor-widget elementor-widget-heading\" data-id=\"bbfa75c\" data-element_type=\"widget\" data-e-type=\"widget\" data-widget_type=\"heading.default\">\n\t\t\t\t\t<h2 class=\"elementor-heading-title elementor-size-default\">Mentions l\u00e9gales<\/h2>\t\t\t\t<\/div>\n\t\t\t\t\t<\/div>\n\t\t\t\t<\/div>\n\t\t<div class=\"elementor-element elementor-element-12d3ed8 e-flex e-con-boxed e-con e-parent\" data-id=\"12d3ed8\" data-element_type=\"container\" data-e-type=\"container\">\n\t\t\t\t\t<div class=\"e-con-inner\">\n\t\t\t\t<div class=\"elementor-element elementor-element-a798c48 elementor-widget-divider--view-line elementor-widget elementor-widget-divider\" data-id=\"a798c48\" data-element_type=\"widget\" data-e-type=\"widget\" data-widget_type=\"divider.default\">\n\t\t\t\t\t\t\t<div class=\"elementor-divider\">\n\t\t\t<span class=\"elementor-divider-separator\">\n\t\t\t\t\t\t<\/span>\n\t\t<\/div>\n\t\t\t\t\t\t<\/div>\n\t\t\t\t\t<\/div>\n\t\t\t\t<\/div>\n\t\t<div class=\"elementor-element elementor-element-844b731 e-flex e-con-boxed e-con e-parent\" data-id=\"844b731\" data-element_type=\"container\" data-e-type=\"container\">\n\t\t\t\t\t<div class=\"e-con-inner\">\n\t\t<div class=\"elementor-element elementor-element-eedd913 e-con-full e-flex e-con e-child\" data-id=\"eedd913\" data-element_type=\"container\" data-e-type=\"container\">\n\t\t\t\t<\/div>\n\t\t<div class=\"elementor-element elementor-element-fa96951 e-con-full e-flex e-con e-child\" data-id=\"fa96951\" data-element_type=\"container\" data-e-type=\"container\">\n\t\t\t\t<div class=\"elementor-element elementor-element-4c23a4d elementor-widget elementor-widget-heading\" data-id=\"4c23a4d\" data-element_type=\"widget\" data-e-type=\"widget\" data-widget_type=\"heading.default\">\n\t\t\t\t\t<h2 class=\"elementor-heading-title elementor-size-default\">\u00c9DITEUR DU SITE<\/h2>\t\t\t\t<\/div>\n\t\t\t\t<div class=\"elementor-element elementor-element-0e1c59a elementor-widget elementor-widget-text-editor\" data-id=\"0e1c59a\" data-element_type=\"widget\" data-e-type=\"widget\" data-widget_type=\"text-editor.default\">\n\t\t\t\t\t\t\t\t\t<p>Nom : Thibaut Abadie Garcia<\/p><p>Activit\u00e9 : Directeur Artistique &amp; Social Media Manager \u2013 Auto-entrepreneur<\/p><p>SIRET : 913\u00a0472\u00a0312 00010<\/p><p>Adresse : 45 rue Pierre Brossolette, 49300 Cholet<\/p><p>Email : <a href=\"mailto:abadiegarcia.thibaut@gmail.com\">abadiegarcia.thibaut@gmail.com<\/a>\u00a0\u00a0\u00a0\u00a0\u00a0<\/p><p>T\u00e9l\u00e9phone : +33 7 85\u00a095 50 43<\/p><p>Directeur de la publication : Thibaut Abadie Garcia<\/p>\t\t\t\t\t\t\t\t<\/div>\n\t\t\t\t<div class=\"elementor-element elementor-element-d7522c0 elementor-widget elementor-widget-heading\" data-id=\"d7522c0\" data-element_type=\"widget\" data-e-type=\"widget\" data-widget_type=\"heading.default\">\n\t\t\t\t\t<h2 class=\"elementor-heading-title elementor-size-default\">h\u00e9bergeur du site<\/h2>\t\t\t\t<\/div>\n\t\t\t\t<div class=\"elementor-element elementor-element-796e93b elementor-widget elementor-widget-text-editor\" data-id=\"796e93b\" data-element_type=\"widget\" data-e-type=\"widget\" data-widget_type=\"text-editor.default\">\n\t\t\t\t\t\t\t\t\t<p>Nom : Ionos SE<\/p><p>Adresse : Tripadvicer Haus, Karmarschstr. 46-48, 70199 Stuttgart, Allemagne<\/p><p>Site web : <a href=\"https:\/\/www.ionos.fr\/\">ionos.fr<\/a><br \/><br \/>Email support : <a class=\"underline underline underline-offset-2 decoration-1 decoration-current\/40 hover:decoration-current focus:decoration-current\" href=\"mailto:support@ionos.fr\">support@ionos.fr<\/a><\/p>\t\t\t\t\t\t\t\t<\/div>\n\t\t\t\t<div class=\"elementor-element elementor-element-48addd5 elementor-widget elementor-widget-heading\" data-id=\"48addd5\" data-element_type=\"widget\" data-e-type=\"widget\" data-widget_type=\"heading.default\">\n\t\t\t\t\t<h2 class=\"elementor-heading-title elementor-size-default\">propri\u00e9t\u00e9 intellectuelle<\/h2>\t\t\t\t<\/div>\n\t\t\t\t<div class=\"elementor-element elementor-element-a2a5b1d elementor-widget elementor-widget-text-editor\" data-id=\"a2a5b1d\" data-element_type=\"widget\" data-e-type=\"widget\" data-widget_type=\"text-editor.default\">\n\t\t\t\t\t\t\t\t\t<p>L&rsquo;ensemble du contenu de ce site estprot\u00e9g\u00e9 par le droit d&rsquo;auteur et la propri\u00e9t\u00e9 intellectuelle, c&rsquo;est \u00e0 dire : <br \/>&#8211; les textes<br \/>&#8211; les visuels<br \/>&#8211; les logotypes<br \/>&#8211; les photographies <br \/>&#8211; les illustrations<br \/><br \/>Toute reproduction, repr\u00e9sentation, modification ou diffusion, totale ou partielle, sans autorisation \u00e9crite pr\u00e9alable est strictement interdite.<\/p>\t\t\t\t\t\t\t\t<\/div>\n\t\t\t\t<div class=\"elementor-element elementor-element-b4fafb6 elementor-widget elementor-widget-heading\" data-id=\"b4fafb6\" data-element_type=\"widget\" data-e-type=\"widget\" data-widget_type=\"heading.default\">\n\t\t\t\t\t<h2 class=\"elementor-heading-title elementor-size-default\">Protection des donn\u00e9es personnelles<\/h2>\t\t\t\t<\/div>\n\t\t\t\t<div class=\"elementor-element elementor-element-1dfc628 elementor-widget elementor-widget-text-editor\" data-id=\"1dfc628\" data-element_type=\"widget\" data-e-type=\"widget\" data-widget_type=\"text-editor.default\">\n\t\t\t\t\t\t\t\t\t<p>La collecte et le traitement de vos donn\u00e9es personnelles sont conformes au R\u00e8glement G\u00e9n\u00e9ral sur la Protection des Donn\u00e9es (RGPD) et \u00e0 la loi Informatique et Libert\u00e9s. Vous disposez d&rsquo;un droit d&rsquo;acc\u00e8s, de rectification, d&rsquo;opposition, de suppression et de portabilit\u00e9 de vos donn\u00e9es.<\/p><p>Pour exercer ces droits, contactez : <a href=\"mailto:abadiegarcia.thibaut@gmail.com\">abadiegarcia.thibaut@gmail.com<\/a><\/p>\t\t\t\t\t\t\t\t<\/div>\n\t\t\t\t<div class=\"elementor-element elementor-element-1756928 elementor-widget elementor-widget-heading\" data-id=\"1756928\" data-element_type=\"widget\" data-e-type=\"widget\" data-widget_type=\"heading.default\">\n\t\t\t\t\t<h2 class=\"elementor-heading-title elementor-size-default\">Limitation de responsabilit\u00e9<\/h2>\t\t\t\t<\/div>\n\t\t\t\t<div class=\"elementor-element elementor-element-af3c03b elementor-widget elementor-widget-text-editor\" data-id=\"af3c03b\" data-element_type=\"widget\" data-e-type=\"widget\" data-widget_type=\"text-editor.default\">\n\t\t\t\t\t\t\t\t\t<p>Les informations publi\u00e9es sur ce site sont fournies \u00e0 titre indicatif. L&rsquo;\u00e9diteur ne saurait \u00eatre tenu responsable des erreurs, omissions ou r\u00e9sultats pouvant \u00eatre obtenus par un mauvais usage de ces informations. L&rsquo;utilisateur reconna\u00eet utiliser ces informations sous sa propre responsabilit\u00e9.<\/p>\t\t\t\t\t\t\t\t<\/div>\n\t\t\t\t<div class=\"elementor-element elementor-element-7d0de4a elementor-widget elementor-widget-heading\" data-id=\"7d0de4a\" data-element_type=\"widget\" data-e-type=\"widget\" data-widget_type=\"heading.default\">\n\t\t\t\t\t<h2 class=\"elementor-heading-title elementor-size-default\">Liens externes<\/h2>\t\t\t\t<\/div>\n\t\t\t\t<div class=\"elementor-element elementor-element-a067c0d elementor-widget elementor-widget-text-editor\" data-id=\"a067c0d\" data-element_type=\"widget\" data-e-type=\"widget\" data-widget_type=\"text-editor.default\">\n\t\t\t\t\t\t\t\t\t<p>Ce site peut contenir des liens hypertextes vers d&rsquo;autres sites. L&rsquo;\u00e9diteur n&rsquo;exerce aucun contr\u00f4le sur ces sites et d\u00e9cline toute responsabilit\u00e9 quant \u00e0 leur contenu.<\/p>\t\t\t\t\t\t\t\t<\/div>\n\t\t\t\t<\/div>\n\t\t\t\t\t<\/div>\n\t\t\t\t<\/div>\n\t\t\t\t<\/div>","protected":false},"excerpt":{"rendered":"<p>Mentions l\u00e9gales \u00c9DITEUR DU SITE Nom : Thibaut Abadie Garcia Activit\u00e9 : Directeur Artistique &amp; Social Media Manager \u2013 Auto-entrepreneur [&hellip;]<\/p>\n","protected":false},"author":1,"featured_media":0,"parent":0,"menu_order":0,"comment_status":"closed","ping_status":"closed","template":"","meta":{"site-sidebar-layout":"default","site-content-layout":"","ast-site-content-layout":"default","site-content-style":"default","site-sidebar-style":"default","ast-global-header-display":"","ast-banner-title-visibility":"","ast-main-header-display":"","ast-hfb-above-header-display":"","ast-hfb-below-header-display":"","ast-hfb-mobile-header-display":"","site-post-title":"","ast-breadcrumbs-content":"","ast-featured-img":"","footer-sml-layout":"","ast-disable-related-posts":"","theme-transparent-header-meta":"","adv-header-id-meta":"","stick-header-meta":"","header-above-stick-meta":"","header-main-stick-meta":"","header-below-stick-meta":"","astra-migrate-meta-layouts":"default","ast-page-background-enabled":"default","ast-page-background-meta":{"desktop":{"background-color":"var(--ast-global-color-5)","background-image":"","background-repeat":"repeat","background-position":"center center","background-size":"auto","background-attachment":"scroll","background-type":"","background-media":"","overlay-type":"","overlay-color":"","overlay-opacity":"","overlay-gradient":""},"tablet":{"background-color":"","background-image":"","background-repeat":"repeat","background-position":"center center","background-size":"auto","background-attachment":"scroll","background-type":"","background-media":"","overlay-type":"","overlay-color":"","overlay-opacity":"","overlay-gradient":""},"mobile":{"background-color":"","background-image":"","background-repeat":"repeat","background-position":"center center","background-size":"auto","background-attachment":"scroll","background-type":"","background-media":"","overlay-type":"","overlay-color":"","overlay-opacity":"","overlay-gradient":""}},"ast-content-background-meta":{"desktop":{"background-color":"var(--ast-global-color-4)","background-image":"","background-repeat":"repeat","background-position":"center center","background-size":"auto","background-attachment":"scroll","background-type":"","background-media":"","overlay-type":"","overlay-color":"","overlay-opacity":"","overlay-gradient":""},"tablet":{"background-color":"var(--ast-global-color-4)","background-image":"","background-repeat":"repeat","background-position":"center center","background-size":"auto","background-attachment":"scroll","background-type":"","background-media":"","overlay-type":"","overlay-color":"","overlay-opacity":"","overlay-gradient":""},"mobile":{"background-color":"var(--ast-global-color-4)","background-image":"","background-repeat":"repeat","background-position":"center center","background-size":"auto","background-attachment":"scroll","background-type":"","background-media":"","overlay-type":"","overlay-color":"","overlay-opacity":"","overlay-gradient":""}},"footnotes":""},"class_list":["post-213","page","type-page","status-publish","hentry"],"yoast_head":"<!-- This site is optimized with the Yoast SEO plugin v27.3 - https:\/\/yoast.com\/product\/yoast-seo-wordpress\/ -->\n<title>Mentions l\u00e9gales - Thibaut Abadie Garcia - Art Director &amp; Social Media Manager<\/title>\n<meta name=\"robots\" content=\"index, follow, max-snippet:-1, max-image-preview:large, max-video-preview:-1\" \/>\n<link rel=\"canonical\" href=\"https:\/\/thibaut-abadie-garcia.com\/en\/mentions-legales\/\" \/>\n<meta property=\"og:locale\" content=\"en_GB\" \/>\n<meta property=\"og:type\" content=\"article\" \/>\n<meta property=\"og:title\" content=\"Mentions l\u00e9gales - Thibaut Abadie Garcia - Art Director &amp; Social Media Manager\" \/>\n<meta property=\"og:description\" content=\"Mentions l\u00e9gales \u00c9DITEUR DU SITE Nom : Thibaut Abadie Garcia Activit\u00e9 : Directeur Artistique &amp; Social Media Manager \u2013 Auto-entrepreneur [&hellip;]\" \/>\n<meta property=\"og:url\" content=\"https:\/\/thibaut-abadie-garcia.com\/en\/mentions-legales\/\" \/>\n<meta property=\"og:site_name\" content=\"Thibaut Abadie Garcia - Art Director &amp; Social Media Manager\" \/>\n<meta property=\"article:modified_time\" content=\"2026-04-11T11:50:19+00:00\" \/>\n<meta name=\"twitter:card\" content=\"summary_large_image\" \/>\n<meta name=\"twitter:label1\" content=\"Estimated reading time\" \/>\n\t<meta name=\"twitter:data1\" content=\"2 minutes\" \/>\n<script type=\"application\/ld+json\" class=\"yoast-schema-graph\">{\"@context\":\"https:\\\/\\\/schema.org\",\"@graph\":[{\"@type\":\"WebPage\",\"@id\":\"https:\\\/\\\/thibaut-abadie-garcia.com\\\/en\\\/mentions-legales\\\/\",\"url\":\"https:\\\/\\\/thibaut-abadie-garcia.com\\\/en\\\/mentions-legales\\\/\",\"name\":\"Mentions l\u00e9gales - Thibaut Abadie Garcia - Art Director &amp; Social Media Manager\",\"isPartOf\":{\"@id\":\"https:\\\/\\\/thibaut-abadie-garcia.com\\\/en\\\/#website\"},\"datePublished\":\"2026-03-28T19:47:33+00:00\",\"dateModified\":\"2026-04-11T11:50:19+00:00\",\"breadcrumb\":{\"@id\":\"https:\\\/\\\/thibaut-abadie-garcia.com\\\/en\\\/mentions-legales\\\/#breadcrumb\"},\"inLanguage\":\"en-GB\",\"potentialAction\":[{\"@type\":\"ReadAction\",\"target\":[\"https:\\\/\\\/thibaut-abadie-garcia.com\\\/en\\\/mentions-legales\\\/\"]}]},{\"@type\":\"BreadcrumbList\",\"@id\":\"https:\\\/\\\/thibaut-abadie-garcia.com\\\/en\\\/mentions-legales\\\/#breadcrumb\",\"itemListElement\":[{\"@type\":\"ListItem\",\"position\":1,\"name\":\"Home\",\"item\":\"https:\\\/\\\/thibaut-abadie-garcia.com\\\/en\\\/\"},{\"@type\":\"ListItem\",\"position\":2,\"name\":\"Mentions l\u00e9gales\"}]},{\"@type\":\"WebSite\",\"@id\":\"https:\\\/\\\/thibaut-abadie-garcia.com\\\/en\\\/#website\",\"url\":\"https:\\\/\\\/thibaut-abadie-garcia.com\\\/en\\\/\",\"name\":\"Thibaut Abadie Garcia - Art Director &amp; Social Media Manager\",\"description\":\"\",\"publisher\":{\"@id\":\"https:\\\/\\\/thibaut-abadie-garcia.com\\\/en\\\/#organization\"},\"potentialAction\":[{\"@type\":\"SearchAction\",\"target\":{\"@type\":\"EntryPoint\",\"urlTemplate\":\"https:\\\/\\\/thibaut-abadie-garcia.com\\\/en\\\/?s={search_term_string}\"},\"query-input\":{\"@type\":\"PropertyValueSpecification\",\"valueRequired\":true,\"valueName\":\"search_term_string\"}}],\"inLanguage\":\"en-GB\"},{\"@type\":\"Organization\",\"@id\":\"https:\\\/\\\/thibaut-abadie-garcia.com\\\/en\\\/#organization\",\"name\":\"Thibaut Abadie Garcia - Art Director &amp; Social Media Manager\",\"url\":\"https:\\\/\\\/thibaut-abadie-garcia.com\\\/en\\\/\",\"logo\":{\"@type\":\"ImageObject\",\"inLanguage\":\"en-GB\",\"@id\":\"https:\\\/\\\/thibaut-abadie-garcia.com\\\/en\\\/#\\\/schema\\\/logo\\\/image\\\/\",\"url\":\"https:\\\/\\\/thibaut-abadie-garcia.com\\\/wp-content\\\/uploads\\\/2026\\\/03\\\/logo-tag.svg\",\"contentUrl\":\"https:\\\/\\\/thibaut-abadie-garcia.com\\\/wp-content\\\/uploads\\\/2026\\\/03\\\/logo-tag.svg\",\"width\":130,\"height\":64,\"caption\":\"Thibaut Abadie Garcia - Art Director &amp; Social Media Manager\"},\"image\":{\"@id\":\"https:\\\/\\\/thibaut-abadie-garcia.com\\\/en\\\/#\\\/schema\\\/logo\\\/image\\\/\"}}]}<\/script>\n<!-- \/ Yoast SEO plugin. -->","yoast_head_json":{"title":"Mentions l\u00e9gales - Thibaut Abadie Garcia - Art Director &amp; Social Media Manager","robots":{"index":"index","follow":"follow","max-snippet":"max-snippet:-1","max-image-preview":"max-image-preview:large","max-video-preview":"max-video-preview:-1"},"canonical":"https:\/\/thibaut-abadie-garcia.com\/en\/mentions-legales\/","og_locale":"en_GB","og_type":"article","og_title":"Mentions l\u00e9gales - Thibaut Abadie Garcia - Art Director &amp; Social Media Manager","og_description":"Mentions l\u00e9gales \u00c9DITEUR DU SITE Nom : Thibaut Abadie Garcia Activit\u00e9 : Directeur Artistique &amp; Social Media Manager \u2013 Auto-entrepreneur [&hellip;]","og_url":"https:\/\/thibaut-abadie-garcia.com\/en\/mentions-legales\/","og_site_name":"Thibaut Abadie Garcia - Art Director &amp; Social Media Manager","article_modified_time":"2026-04-11T11:50:19+00:00","twitter_card":"summary_large_image","twitter_misc":{"Estimated reading time":"2 minutes"},"schema":{"@context":"https:\/\/schema.org","@graph":[{"@type":"WebPage","@id":"https:\/\/thibaut-abadie-garcia.com\/en\/mentions-legales\/","url":"https:\/\/thibaut-abadie-garcia.com\/en\/mentions-legales\/","name":"Mentions l\u00e9gales - Thibaut Abadie Garcia - Art Director &amp; Social Media Manager","isPartOf":{"@id":"https:\/\/thibaut-abadie-garcia.com\/en\/#website"},"datePublished":"2026-03-28T19:47:33+00:00","dateModified":"2026-04-11T11:50:19+00:00","breadcrumb":{"@id":"https:\/\/thibaut-abadie-garcia.com\/en\/mentions-legales\/#breadcrumb"},"inLanguage":"en-GB","potentialAction":[{"@type":"ReadAction","target":["https:\/\/thibaut-abadie-garcia.com\/en\/mentions-legales\/"]}]},{"@type":"BreadcrumbList","@id":"https:\/\/thibaut-abadie-garcia.com\/en\/mentions-legales\/#breadcrumb","itemListElement":[{"@type":"ListItem","position":1,"name":"Home","item":"https:\/\/thibaut-abadie-garcia.com\/en\/"},{"@type":"ListItem","position":2,"name":"Mentions l\u00e9gales"}]},{"@type":"WebSite","@id":"https:\/\/thibaut-abadie-garcia.com\/en\/#website","url":"https:\/\/thibaut-abadie-garcia.com\/en\/","name":"Thibaut Abadie Garcia - Art Director &amp; Social Media Manager","description":"","publisher":{"@id":"https:\/\/thibaut-abadie-garcia.com\/en\/#organization"},"potentialAction":[{"@type":"SearchAction","target":{"@type":"EntryPoint","urlTemplate":"https:\/\/thibaut-abadie-garcia.com\/en\/?s={search_term_string}"},"query-input":{"@type":"PropertyValueSpecification","valueRequired":true,"valueName":"search_term_string"}}],"inLanguage":"en-GB"},{"@type":"Organization","@id":"https:\/\/thibaut-abadie-garcia.com\/en\/#organization","name":"Thibaut Abadie Garcia - Art Director &amp; Social Media Manager","url":"https:\/\/thibaut-abadie-garcia.com\/en\/","logo":{"@type":"ImageObject","inLanguage":"en-GB","@id":"https:\/\/thibaut-abadie-garcia.com\/en\/#\/schema\/logo\/image\/","url":"https:\/\/thibaut-abadie-garcia.com\/wp-content\/uploads\/2026\/03\/logo-tag.svg","contentUrl":"https:\/\/thibaut-abadie-garcia.com\/wp-content\/uploads\/2026\/03\/logo-tag.svg","width":130,"height":64,"caption":"Thibaut Abadie Garcia - Art Director &amp; Social Media Manager"},"image":{"@id":"https:\/\/thibaut-abadie-garcia.com\/en\/#\/schema\/logo\/image\/"}}]}},"_links":{"self":[{"href":"https:\/\/thibaut-abadie-garcia.com\/en\/wp-json\/wp\/v2\/pages\/213","targetHints":{"allow":["GET"]}}],"collection":[{"href":"https:\/\/thibaut-abadie-garcia.com\/en\/wp-json\/wp\/v2\/pages"}],"about":[{"href":"https:\/\/thibaut-abadie-garcia.com\/en\/wp-json\/wp\/v2\/types\/page"}],"author":[{"embeddable":true,"href":"https:\/\/thibaut-abadie-garcia.com\/en\/wp-json\/wp\/v2\/users\/1"}],"replies":[{"embeddable":true,"href":"https:\/\/thibaut-abadie-garcia.com\/en\/wp-json\/wp\/v2\/comments?post=213"}],"version-history":[{"count":7,"href":"https:\/\/thibaut-abadie-garcia.com\/en\/wp-json\/wp\/v2\/pages\/213\/revisions"}],"predecessor-version":[{"id":357,"href":"https:\/\/thibaut-abadie-garcia.com\/en\/wp-json\/wp\/v2\/pages\/213\/revisions\/357"}],"wp:attachment":[{"href":"https:\/\/thibaut-abadie-garcia.com\/en\/wp-json\/wp\/v2\/media?parent=213"}],"curies":[{"name":"wp","href":"https:\/\/api.w.org\/{rel}","templated":true}]}}